{"id":2758,"date":"2026-03-10T15:10:20","date_gmt":"2026-03-10T14:10:20","guid":{"rendered":"https:\/\/globusemporda.com\/plan-du-site\/"},"modified":"2026-03-12T01:56:58","modified_gmt":"2026-03-12T00:56:58","slug":"plan-du-site","status":"publish","type":"page","link":"https:\/\/globusemporda.com\/fr\/plan-du-site\/","title":{"rendered":"Plan du site"},"content":{"rendered":"<div class=\"rank-math-html-sitemap\"><div class=\"rank-math-html-sitemap__section rank-math-html-sitemap__section--post-type rank-math-html-sitemap__section--post\"><h2 class=\"rank-math-html-sitemap__title\">Articles<\/h2><ul class=\"rank-math-html-sitemap__list\"><li class=\"rank-math-html-sitemap__item\"><a href=\"https:\/\/globusemporda.com\/fr\/chaque-vol-en-ballon-une-experience-unique\/\" class=\"rank-math-html-sitemap__link\">Chaque vol en ballon : une exp\u00e9rience unique<\/a> <span class=\"rank-math-html-sitemap__date\">(22 de avril de 2026)<\/span><\/li><li class=\"rank-math-html-sitemap__item\"><a href=\"https:\/\/globusemporda.com\/fr\/nacelles-de-montgolfieres-evolution-et-conception\/\" class=\"rank-math-html-sitemap__link\">Nacelles de montgolfi\u00e8res : \u00e9volution et conception<\/a> <span class=\"rank-math-html-sitemap__date\">(22 de avril de 2026)<\/span><\/li><li class=\"rank-math-html-sitemap__item\"><a href=\"https:\/\/globusemporda.com\/fr\/bruleurs-pour-montgolfieres-une-technologie-qui-eleve-le-vol\/\" class=\"rank-math-html-sitemap__link\">Br\u00fbleurs pour montgolfi\u00e8res : une technologie qui \u00e9l\u00e8ve le vol<\/a> <span class=\"rank-math-html-sitemap__date\">(21 de avril de 2026)<\/span><\/li><li class=\"rank-math-html-sitemap__item\"><a href=\"https:\/\/globusemporda.com\/fr\/balades-en-ballon-en-ete-sur-la-costa-brava\/\" class=\"rank-math-html-sitemap__link\">Balades en ballon en \u00e9t\u00e9 sur la Costa Brava<\/a> <span class=\"rank-math-html-sitemap__date\">(21 de avril de 2026)<\/span><\/li><li class=\"rank-math-html-sitemap__item\"><a href=\"https:\/\/globusemporda.com\/fr\/les-voiles-de-lair-le-coeur-de-la-montgolfiere\/\" class=\"rank-math-html-sitemap__link\">Les voiles de l&#039;air : le c\u0153ur de la montgolfi\u00e8re<\/a> <span class=\"rank-math-html-sitemap__date\">(20 de avril de 2026)<\/span><\/li><li class=\"rank-math-html-sitemap__item\"><a href=\"https:\/\/globusemporda.com\/fr\/le-capitaine-paufila-et-le-reve-du-ciel\/\" class=\"rank-math-html-sitemap__link\">Le capitaine Paufila et le r\u00eave du ciel<\/a> <span class=\"rank-math-html-sitemap__date\">(20 de avril de 2026)<\/span><\/li><li class=\"rank-math-html-sitemap__item\"><a href=\"https:\/\/globusemporda.com\/fr\/histoire-des-ballons-a-air-chaud\/\" class=\"rank-math-html-sitemap__link\">Histoire des ballons \u00e0 air chaud<\/a> <span class=\"rank-math-html-sitemap__date\">(20 de avril de 2026)<\/span><\/li><li class=\"rank-math-html-sitemap__item\"><a href=\"https:\/\/globusemporda.com\/fr\/montgolfieres-et-developpement-durable-voler-avec-moins-dimpact\/\" class=\"rank-math-html-sitemap__link\">Montgolfi\u00e8res et d\u00e9veloppement durable : voler avec moins d&#039;impact<\/a> <span class=\"rank-math-html-sitemap__date\">(26 de mars de 2026)<\/span><\/li><li class=\"rank-math-html-sitemap__item\"><a href=\"https:\/\/globusemporda.com\/fr\/montgolfieres-et-festivals-en-catalogne\/\" class=\"rank-math-html-sitemap__link\">Montgolfi\u00e8res et festivals en Catalogne<\/a> <span class=\"rank-math-html-sitemap__date\">(26 de mars de 2026)<\/span><\/li><li class=\"rank-math-html-sitemap__item\"><a href=\"https:\/\/globusemporda.com\/fr\/parties-dune-montgolfiere\/\" class=\"rank-math-html-sitemap__link\">Parties d&#039;une montgolfi\u00e8re<\/a> <span class=\"rank-math-html-sitemap__date\">(25 de mars de 2026)<\/span><\/li><li class=\"rank-math-html-sitemap__item\"><a href=\"https:\/\/globusemporda.com\/fr\/montgolfiere-emporda-printemps\/\" class=\"rank-math-html-sitemap__link\">Voler en montgolfi\u00e8re au printemps dans l&#039;Empord\u00e0<\/a> <span class=\"rank-math-html-sitemap__date\">(6 de mars de 2026)<\/span><\/li><\/ul><\/div><div class=\"rank-math-html-sitemap__section rank-math-html-sitemap__section--post-type rank-math-html-sitemap__section--page\"><h2 class=\"rank-math-html-sitemap__title\">Pages<\/h2><ul class=\"rank-math-html-sitemap__list\"><li class=\"rank-math-html-sitemap__item\"><a href=\"https:\/\/globusemporda.com\/fr\/plan-du-site\/\" class=\"rank-math-html-sitemap__link\">Plan du site<\/a> <span class=\"rank-math-html-sitemap__date\">(10 de mars de 2026)<\/span><\/li><li class=\"rank-math-html-sitemap__item\"><a href=\"https:\/\/globusemporda.com\/fr\/avis-juridique\/\" class=\"rank-math-html-sitemap__link\">Avis juridique<\/a> <span class=\"rank-math-html-sitemap__date\">(6 de mars de 2026)<\/span><\/li><li class=\"rank-math-html-sitemap__item\"><a href=\"https:\/\/globusemporda.com\/fr\/declaration-de-confidentialite\/\" class=\"rank-math-html-sitemap__link\">D\u00e9claration de confidentialit\u00e9<\/a> <span class=\"rank-math-html-sitemap__date\">(6 de mars de 2026)<\/span><\/li><li class=\"rank-math-html-sitemap__item\"><a href=\"https:\/\/globusemporda.com\/fr\/politique-relative-aux-cookies\/\" class=\"rank-math-html-sitemap__link\">Politique relative aux cookies<\/a> <span class=\"rank-math-html-sitemap__date\">(6 de mars de 2026)<\/span><\/li><li class=\"rank-math-html-sitemap__item\"><a href=\"https:\/\/globusemporda.com\/fr\/vol-montgolfiere-cadeau\/\" class=\"rank-math-html-sitemap__link\">Offrez un vol en montgolfi\u00e8re \u00e0 G\u00e9rone.<\/a> <span class=\"rank-math-html-sitemap__date\">(26 de f\u00e9vrier de 2026)<\/span><\/li><li class=\"rank-math-html-sitemap__item\"><a href=\"https:\/\/globusemporda.com\/fr\/environnement\/\" class=\"rank-math-html-sitemap__link\">Environnement<\/a> <span class=\"rank-math-html-sitemap__date\">(20 de f\u00e9vrier de 2026)<\/span><\/li><li class=\"rank-math-html-sitemap__item\"><a href=\"https:\/\/globusemporda.com\/fr\/blog\/\" class=\"rank-math-html-sitemap__link\">Blog<\/a> <span class=\"rank-math-html-sitemap__date\">(20 de f\u00e9vrier de 2026)<\/span><\/li><li class=\"rank-math-html-sitemap__item\"><a href=\"https:\/\/globusemporda.com\/fr\/\" class=\"rank-math-html-sitemap__link\">Globus Empord\u00e0 - Vol en montgolfi\u00e8re G\u00e9rone<\/a> <span class=\"rank-math-html-sitemap__date\">(20 de f\u00e9vrier de 2026)<\/span><\/li><li class=\"rank-math-html-sitemap__item\"><a href=\"https:\/\/globusemporda.com\/fr\/contact\/\" class=\"rank-math-html-sitemap__link\">Contact<\/a> <span class=\"rank-math-html-sitemap__date\">(20 de f\u00e9vrier de 2026)<\/span><\/li><li class=\"rank-math-html-sitemap__item\"><a href=\"https:\/\/globusemporda.com\/fr\/nous\/\" class=\"rank-math-html-sitemap__link\">Nous<\/a> <span class=\"rank-math-html-sitemap__date\">(20 de f\u00e9vrier de 2026)<\/span><\/li><\/ul><\/div><div class=\"rank-math-html-sitemap__section rank-math-html-sitemap__section--post-type rank-math-html-sitemap__section--actividad\"><h2 class=\"rank-math-html-sitemap__title\">Actividades<\/h2><ul class=\"rank-math-html-sitemap__list\"><li class=\"rank-math-html-sitemap__item\"><a href=\"https:\/\/globusemporda.com\/fr\/excursion-familiale-en-montgolfiere-a-gerone\/\" class=\"rank-math-html-sitemap__link\">Excursion familiale en montgolfi\u00e8re \u00e0 G\u00e9rone<\/a> <span class=\"rank-math-html-sitemap__date\">(24 de f\u00e9vrier de 2026)<\/span><\/li><li class=\"rank-math-html-sitemap__item\"><a href=\"https:\/\/globusemporda.com\/fr\/vol-en-montgolfiere-pour-deux-a-gerone\/\" class=\"rank-math-html-sitemap__link\">Vol en montgolfi\u00e8re pour deux \u00e0 G\u00e9rone<\/a> <span class=\"rank-math-html-sitemap__date\">(23 de f\u00e9vrier de 2026)<\/span><ul class=\"rank-math-html-sitemap__list\"><li class=\"rank-math-html-sitemap__item\"><a href=\"https:\/\/globusemporda.com\/fr\/vol-en-montgolfiere-pour-deux-a-gerone\/escapade-romantique-a-gerone\/\" class=\"rank-math-html-sitemap__link\">Escapade romantique \u00e0 G\u00e9rone<\/a> <span class=\"rank-math-html-sitemap__date\">(25 de f\u00e9vrier de 2026)<\/span><\/li><\/ul><\/li><li class=\"rank-math-html-sitemap__item\"><a href=\"https:\/\/globusemporda.com\/fr\/vol-prive-en-montgolfiere\/\" class=\"rank-math-html-sitemap__link\">Vol priv\u00e9 en montgolfi\u00e8re<\/a> <span class=\"rank-math-html-sitemap__date\">(20 de f\u00e9vrier de 2026)<\/span><\/li><li class=\"rank-math-html-sitemap__item\"><a href=\"https:\/\/globusemporda.com\/fr\/vol-en-montgolfiere-partage\/\" class=\"rank-math-html-sitemap__link\">Vol en montgolfi\u00e8re partag\u00e9<\/a> <span class=\"rank-math-html-sitemap__date\">(20 de f\u00e9vrier de 2026)<\/span><\/li><\/ul><\/div><div class=\"rank-math-html-sitemap__section rank-math-html-sitemap__section--post-type rank-math-html-sitemap__section--equipo\"><h2 class=\"rank-math-html-sitemap__title\">Equipo<\/h2><ul class=\"rank-math-html-sitemap__list\"><li class=\"rank-math-html-sitemap__item\"><a href=\"https:\/\/globusemporda.com\/fr\/equipe\/luca-de-toni\/\" class=\"rank-math-html-sitemap__link\">Luca de Toni<\/a> <span class=\"rank-math-html-sitemap__date\">(27 de f\u00e9vrier de 2026)<\/span><\/li><li class=\"rank-math-html-sitemap__item\"><a href=\"https:\/\/globusemporda.com\/fr\/equipe\/jaume-vinas\/\" class=\"rank-math-html-sitemap__link\">Jaume Vi\u00f1as<\/a> <span class=\"rank-math-html-sitemap__date\">(27 de f\u00e9vrier de 2026)<\/span><\/li><li class=\"rank-math-html-sitemap__item\"><a href=\"https:\/\/globusemporda.com\/fr\/equipe\/joan-vinas\/\" class=\"rank-math-html-sitemap__link\">Joan Vi\u00f1as<\/a> <span class=\"rank-math-html-sitemap__date\">(27 de f\u00e9vrier de 2026)<\/span><\/li><\/ul><\/div><div class=\"rank-math-html-sitemap__section rank-math-html-sitemap__section--post-type rank-math-html-sitemap__section--expediciones\"><h2 class=\"rank-math-html-sitemap__title\">Exp\u00e9ditions<\/h2><ul class=\"rank-math-html-sitemap__list\"><li class=\"rank-math-html-sitemap__item\"><a href=\"https:\/\/globusemporda.com\/fr\/expeditions\/expedition-en-montgolfiere-a-travers-lamazonie\/\" class=\"rank-math-html-sitemap__link\">Exp\u00e9dition en montgolfi\u00e8re \u00e0 travers l&#039;Amazonie<\/a> <span class=\"rank-math-html-sitemap__date\">(27 de f\u00e9vrier de 2026)<\/span><\/li><li class=\"rank-math-html-sitemap__item\"><a href=\"https:\/\/globusemporda.com\/fr\/expeditions\/expedition-en-montgolfiere-au-dessus-du-sahara\/\" class=\"rank-math-html-sitemap__link\">Exp\u00e9dition en montgolfi\u00e8re au-dessus du Sahara<\/a> <span class=\"rank-math-html-sitemap__date\">(27 de f\u00e9vrier de 2026)<\/span><\/li><li class=\"rank-math-html-sitemap__item\"><a href=\"https:\/\/globusemporda.com\/fr\/expeditions\/expedition-en-montgolfiere-en-mer-baltique\/\" class=\"rank-math-html-sitemap__link\">Exp\u00e9dition en montgolfi\u00e8re en mer Baltique<\/a> <span class=\"rank-math-html-sitemap__date\">(27 de f\u00e9vrier de 2026)<\/span><\/li><li class=\"rank-math-html-sitemap__item\"><a href=\"https:\/\/globusemporda.com\/fr\/expeditions\/expedition-en-montgolfiere-au-kilimandjaro\/\" class=\"rank-math-html-sitemap__link\">Exp\u00e9dition en montgolfi\u00e8re au Kilimandjaro<\/a> <span class=\"rank-math-html-sitemap__date\">(27 de f\u00e9vrier de 2026)<\/span><\/li><li class=\"rank-math-html-sitemap__item\"><a href=\"https:\/\/globusemporda.com\/fr\/expeditions\/expedition-en-montgolfiere-a-madagascar\/\" class=\"rank-math-html-sitemap__link\">Exp\u00e9dition en montgolfi\u00e8re \u00e0 Madagascar<\/a> <span class=\"rank-math-html-sitemap__date\">(27 de f\u00e9vrier de 2026)<\/span><\/li><\/ul><\/div><div class=\"rank-math-html-sitemap__section rank-math-html-sitemap__section--post-type rank-math-html-sitemap__section--poi\"><h2 class=\"rank-math-html-sitemap__title\">Puntos de inter\u00e9s<\/h2><ul class=\"rank-math-html-sitemap__list\"><li class=\"rank-math-html-sitemap__item\"><a href=\"https:\/\/globusemporda.com\/fr\/ullastret\/ruines-de-la-colonie-iberique-dullastret\/\" class=\"rank-math-html-sitemap__link\">Ruines de la colonie ib\u00e9rique d&#039;Ullastret<\/a> <span class=\"rank-math-html-sitemap__date\">(27 de f\u00e9vrier de 2026)<\/span><\/li><li class=\"rank-math-html-sitemap__item\"><a href=\"https:\/\/globusemporda.com\/fr\/castello-dempuries\/parc-naturel-des-zones-humides-de-lemporda\/\" class=\"rank-math-html-sitemap__link\">Parc naturel des zones humides de l&#039;Empord\u00e0<\/a> <span class=\"rank-math-html-sitemap__date\">(26 de f\u00e9vrier de 2026)<\/span><\/li><\/ul><\/div><div class=\"rank-math-html-sitemap__section rank-math-html-sitemap__section--taxonomy rank-math-html-sitemap__section--category\"><h2 class=\"rank-math-html-sitemap__title\">Cat\u00e9gories<\/h2><ul class=\"rank-math-html-sitemap__list\"><li class=\"rank-math-html-sitemap__item\"><a href=\"https:\/\/globusemporda.com\/fr\/culture-de-la-montgolfiere\/\" class=\"rank-math-html-sitemap__link\">Culture de la Montgolfi\u00e8re<\/a><\/li><li class=\"rank-math-html-sitemap__item\"><a href=\"https:\/\/globusemporda.com\/fr\/durabilite\/\" class=\"rank-math-html-sitemap__link\">Durabilit\u00e9<\/a><\/li><li class=\"rank-math-html-sitemap__item\"><a href=\"https:\/\/globusemporda.com\/fr\/category\/inspiration\/\" class=\"rank-math-html-sitemap__link\">Inspiration<\/a><\/li><li class=\"rank-math-html-sitemap__item\"><a href=\"https:\/\/globusemporda.com\/fr\/secteur-et-festivals\/\" class=\"rank-math-html-sitemap__link\">Secteur et Festivals<\/a><\/li><\/ul><\/div><div class=\"rank-math-html-sitemap__section rank-math-html-sitemap__section--taxonomy rank-math-html-sitemap__section--destino\"><h2 class=\"rank-math-html-sitemap__title\">Destinos<\/h2><ul class=\"rank-math-html-sitemap__list\"><li class=\"rank-math-html-sitemap__item\"><a href=\"https:\/\/globusemporda.com\/fr\/castello-dempuries\/\" class=\"rank-math-html-sitemap__link\">Castell\u00f3 d&#039;Emp\u00faries<\/a><\/li><li class=\"rank-math-html-sitemap__item\"><a href=\"https:\/\/globusemporda.com\/fr\/destination\/colomeres\/\" class=\"rank-math-html-sitemap__link\">Colom\u00e8res<\/a><\/li><li class=\"rank-math-html-sitemap__item\"><a href=\"https:\/\/globusemporda.com\/fr\/gerone\/\" class=\"rank-math-html-sitemap__link\">G\u00e9rone<\/a><\/li><li class=\"rank-math-html-sitemap__item\"><a href=\"https:\/\/globusemporda.com\/fr\/destination\/peratallada\/\" class=\"rank-math-html-sitemap__link\">Peratallada<\/a><\/li><li class=\"rank-math-html-sitemap__item\"><a href=\"https:\/\/globusemporda.com\/fr\/ullastret\/\" class=\"rank-math-html-sitemap__link\">Ullastret<\/a><\/li><\/ul><\/div><\/div>\n","protected":false},"excerpt":{"rendered":"","protected":false},"author":1,"featured_media":0,"parent":0,"menu_order":0,"comment_status":"closed","ping_status":"closed","template":"","meta":{"_acf_changed":false,"_joinchat":[],"footnotes":""},"class_list":["post-2758","page","type-page","status-publish","hentry"],"acf":[],"_links":{"self":[{"href":"https:\/\/globusemporda.com\/fr\/wp-json\/wp\/v2\/pages\/2758","targetHints":{"allow":["GET"]}}],"collection":[{"href":"https:\/\/globusemporda.com\/fr\/wp-json\/wp\/v2\/pages"}],"about":[{"href":"https:\/\/globusemporda.com\/fr\/wp-json\/wp\/v2\/types\/page"}],"author":[{"embeddable":true,"href":"https:\/\/globusemporda.com\/fr\/wp-json\/wp\/v2\/users\/1"}],"replies":[{"embeddable":true,"href":"https:\/\/globusemporda.com\/fr\/wp-json\/wp\/v2\/comments?post=2758"}],"version-history":[{"count":1,"href":"https:\/\/globusemporda.com\/fr\/wp-json\/wp\/v2\/pages\/2758\/revisions"}],"predecessor-version":[{"id":2759,"href":"https:\/\/globusemporda.com\/fr\/wp-json\/wp\/v2\/pages\/2758\/revisions\/2759"}],"wp:attachment":[{"href":"https:\/\/globusemporda.com\/fr\/wp-json\/wp\/v2\/media?parent=2758"}],"curies":[{"name":"wp","href":"https:\/\/api.w.org\/{rel}","templated":true}]}}