{"id":2747,"date":"2026-03-06T18:42:30","date_gmt":"2026-03-06T17:42:30","guid":{"rendered":"https:\/\/globusemporda.com\/avis-juridique\/"},"modified":"2026-03-12T01:55:11","modified_gmt":"2026-03-12T00:55:11","slug":"avis-juridique","status":"publish","type":"page","link":"https:\/\/globusemporda.com\/fr\/avis-juridique\/","title":{"rendered":"Avis juridique"},"content":{"rendered":"\n<!-- Legal document generated by Complianz | GDPR\/CCPA Cookie Consent https:\/\/wordpress.org\/plugins\/complianz-gdpr -->\n<div id=\"cmplz-document\" class=\"cmplz-document impressum cmplz-document-all\"><p><i>Cette imprint a \u00e9t\u00e9 mise \u00e0 jour pour la derni\u00e8re fois le 16 de mars de 2026.<\/i><\/p><p class=\"cmplz-subtitle\">Le propri\u00e9taire de ce site web est\u00a0:<\/p><p>JUAN VI\u00d1AS CASSE <br>C\/JOAN PLA CAPELL 4, 17100 La Bisbal d'Empord\u00e0, Gerona, Espa\u00f1a<br>Espagne<br>E-mail\u00a0:&nbsp;<span class=\"cmplz-obfuscate\">&#105;&#110;f&#111;@<span class=\"cmplz-fmail-domain\">&#101;x.com<\/span>&#103;lob&#117;&#115;e&#109;po&#114;&#100;&#097;.&#099;&#111;&#109;<\/span><br>Num\u00e9ro de t\u00e9l\u00e9phone\u00a0: 620846742<br>ID TVA\u00a0:&nbsp;40525337G<\/p><p class=\"cmplz-subtitle\">Le(s) repr\u00e9sentant(s) l\u00e9gal(aux) de JUAN VI\u00d1AS CASSE \u00a0:<\/p><p>Joan Vi\u00f1as<\/p><h2>1. G\u00e9n\u00e9ral<\/h2><p>Nous ne sommes ni dispos\u00e9s ni oblig\u00e9s de participer \u00e0 des proc\u00e9dures de r\u00e8glement des litiges devant une commission d\u2019arbitrage des consommateurs.<\/p><\/div>\n","protected":false},"excerpt":{"rendered":"","protected":false},"author":1,"featured_media":0,"parent":0,"menu_order":0,"comment_status":"closed","ping_status":"closed","template":"","meta":{"_acf_changed":false,"_joinchat":[],"footnotes":""},"class_list":["post-2747","page","type-page","status-publish","hentry"],"acf":[],"_links":{"self":[{"href":"https:\/\/globusemporda.com\/fr\/wp-json\/wp\/v2\/pages\/2747","targetHints":{"allow":["GET"]}}],"collection":[{"href":"https:\/\/globusemporda.com\/fr\/wp-json\/wp\/v2\/pages"}],"about":[{"href":"https:\/\/globusemporda.com\/fr\/wp-json\/wp\/v2\/types\/page"}],"author":[{"embeddable":true,"href":"https:\/\/globusemporda.com\/fr\/wp-json\/wp\/v2\/users\/1"}],"replies":[{"embeddable":true,"href":"https:\/\/globusemporda.com\/fr\/wp-json\/wp\/v2\/comments?post=2747"}],"version-history":[{"count":1,"href":"https:\/\/globusemporda.com\/fr\/wp-json\/wp\/v2\/pages\/2747\/revisions"}],"predecessor-version":[{"id":2749,"href":"https:\/\/globusemporda.com\/fr\/wp-json\/wp\/v2\/pages\/2747\/revisions\/2749"}],"wp:attachment":[{"href":"https:\/\/globusemporda.com\/fr\/wp-json\/wp\/v2\/media?parent=2747"}],"curies":[{"name":"wp","href":"https:\/\/api.w.org\/{rel}","templated":true}]}}