{"id":2764,"date":"2026-03-10T15:10:20","date_gmt":"2026-03-10T14:10:20","guid":{"rendered":"https:\/\/globusemporda.com\/mapa-del-lloc\/"},"modified":"2026-03-12T01:57:16","modified_gmt":"2026-03-12T00:57:16","slug":"mapa-del-lloc","status":"publish","type":"page","link":"https:\/\/globusemporda.com\/ca\/mapa-del-lloc\/","title":{"rendered":"Mapa del lloc"},"content":{"rendered":"<div class=\"rank-math-html-sitemap\"><div class=\"rank-math-html-sitemap__section rank-math-html-sitemap__section--post-type rank-math-html-sitemap__section--post\"><h2 class=\"rank-math-html-sitemap__title\">Entrades<\/h2><ul class=\"rank-math-html-sitemap__list\"><li class=\"rank-math-html-sitemap__item\"><a href=\"https:\/\/globusemporda.com\/ca\/cada-vol-amb-globus-una-experiencia-irrepetible\/\" class=\"rank-math-html-sitemap__link\">Cada vol amb globus: una experi\u00e8ncia irrepetible<\/a> <span class=\"rank-math-html-sitemap__date\">(22 d&#039;abril de 2026)<\/span><\/li><li class=\"rank-math-html-sitemap__item\"><a href=\"https:\/\/globusemporda.com\/ca\/les-cistelles-dels-globus-aerostatics-evolucio-i-disseny\/\" class=\"rank-math-html-sitemap__link\">Les cistelles dels globus aerost\u00e0tics: evoluci\u00f3 i disseny<\/a> <span class=\"rank-math-html-sitemap__date\">(22 d&#039;abril de 2026)<\/span><\/li><li class=\"rank-math-html-sitemap__item\"><a href=\"https:\/\/globusemporda.com\/ca\/cremadors-de-globus-aerostatics-tecnologia-que-eleva-el-vol\/\" class=\"rank-math-html-sitemap__link\">Cremadors de globus aerost\u00e0tics: tecnologia que eleva el vol<\/a> <span class=\"rank-math-html-sitemap__date\">(21 d&#039;abril de 2026)<\/span><\/li><li class=\"rank-math-html-sitemap__item\"><a href=\"https:\/\/globusemporda.com\/ca\/viatges-amb-globus-a-lestiu-a-la-costa-brava\/\" class=\"rank-math-html-sitemap__link\">Viatges amb globus a l&#039;estiu a la Costa Brava<\/a> <span class=\"rank-math-html-sitemap__date\">(21 d&#039;abril de 2026)<\/span><\/li><li class=\"rank-math-html-sitemap__item\"><a href=\"https:\/\/globusemporda.com\/ca\/les-veles-de-laire-el-cor-del-globus-aerostatic\/\" class=\"rank-math-html-sitemap__link\">Les veles de l\u2019aire: el cor del globus aerost\u00e0tic<\/a> <span class=\"rank-math-html-sitemap__date\">(20 d&#039;abril de 2026)<\/span><\/li><li class=\"rank-math-html-sitemap__item\"><a href=\"https:\/\/globusemporda.com\/ca\/el-capita-paufila-i-el-somni-del-cel\/\" class=\"rank-math-html-sitemap__link\">El Capit\u00e0 Paufila i el somni del cel<\/a> <span class=\"rank-math-html-sitemap__date\">(20 d&#039;abril de 2026)<\/span><\/li><li class=\"rank-math-html-sitemap__item\"><a href=\"https:\/\/globusemporda.com\/ca\/historia-dels-globus-aerostatics\/\" class=\"rank-math-html-sitemap__link\">Historia dels globus aerost\u00e0tics<\/a> <span class=\"rank-math-html-sitemap__date\">(20 d&#039;abril de 2026)<\/span><\/li><li class=\"rank-math-html-sitemap__item\"><a href=\"https:\/\/globusemporda.com\/ca\/globus-aerostatics-i-sostenibilitat-volar-amb-menor-impacte\/\" class=\"rank-math-html-sitemap__link\">Globus aerost\u00e0tics i sostenibilitat: volar amb menor impacte<\/a> <span class=\"rank-math-html-sitemap__date\">(26 de mar\u00e7 de 2026)<\/span><\/li><li class=\"rank-math-html-sitemap__item\"><a href=\"https:\/\/globusemporda.com\/ca\/globus-aerostatics-i-festivals-a-catalunya\/\" class=\"rank-math-html-sitemap__link\">Globus aerost\u00e0tics i festivals a Catalunya<\/a> <span class=\"rank-math-html-sitemap__date\">(26 de mar\u00e7 de 2026)<\/span><\/li><li class=\"rank-math-html-sitemap__item\"><a href=\"https:\/\/globusemporda.com\/ca\/parts-dun-globus-aerostatic\/\" class=\"rank-math-html-sitemap__link\">Parts d&#039;un globus aerost\u00e0tic<\/a> <span class=\"rank-math-html-sitemap__date\">(25 de mar\u00e7 de 2026)<\/span><\/li><li class=\"rank-math-html-sitemap__item\"><a href=\"https:\/\/globusemporda.com\/ca\/volar-en-globus-a-la-primavera-a-lemporda\/\" class=\"rank-math-html-sitemap__link\">Volar amb globus a la primavera a l&#039;Empord\u00e0<\/a> <span class=\"rank-math-html-sitemap__date\">(6 de mar\u00e7 de 2026)<\/span><\/li><\/ul><\/div><div class=\"rank-math-html-sitemap__section rank-math-html-sitemap__section--post-type rank-math-html-sitemap__section--page\"><h2 class=\"rank-math-html-sitemap__title\">P\u00e0gines<\/h2><ul class=\"rank-math-html-sitemap__list\"><li class=\"rank-math-html-sitemap__item\"><a href=\"https:\/\/globusemporda.com\/ca\/mapa-del-lloc\/\" class=\"rank-math-html-sitemap__link\">Mapa del lloc<\/a> <span class=\"rank-math-html-sitemap__date\">(10 de mar\u00e7 de 2026)<\/span><\/li><li class=\"rank-math-html-sitemap__item\"><a href=\"https:\/\/globusemporda.com\/ca\/avis-legal\/\" class=\"rank-math-html-sitemap__link\">Av\u00eds legal<\/a> <span class=\"rank-math-html-sitemap__date\">(6 de mar\u00e7 de 2026)<\/span><\/li><li class=\"rank-math-html-sitemap__item\"><a href=\"https:\/\/globusemporda.com\/ca\/declaracio-de-privadesa\/\" class=\"rank-math-html-sitemap__link\">Declaraci\u00f3 de Privadesa<\/a> <span class=\"rank-math-html-sitemap__date\">(6 de mar\u00e7 de 2026)<\/span><\/li><li class=\"rank-math-html-sitemap__item\"><a href=\"https:\/\/globusemporda.com\/ca\/politica-de-cookies\/\" class=\"rank-math-html-sitemap__link\">Pol\u00edtica de cookies<\/a> <span class=\"rank-math-html-sitemap__date\">(6 de mar\u00e7 de 2026)<\/span><\/li><li class=\"rank-math-html-sitemap__item\"><a href=\"https:\/\/globusemporda.com\/ca\/regalar-vol-en-globus\/\" class=\"rank-math-html-sitemap__link\">Regalar un Vol en Globus a Girona<\/a> <span class=\"rank-math-html-sitemap__date\">(26 de febrer de 2026)<\/span><\/li><li class=\"rank-math-html-sitemap__item\"><a href=\"https:\/\/globusemporda.com\/ca\/entorn\/\" class=\"rank-math-html-sitemap__link\">Entorn<\/a> <span class=\"rank-math-html-sitemap__date\">(20 de febrer de 2026)<\/span><\/li><li class=\"rank-math-html-sitemap__item\"><a href=\"https:\/\/globusemporda.com\/ca\/blog\/\" class=\"rank-math-html-sitemap__link\">Blog<\/a> <span class=\"rank-math-html-sitemap__date\">(20 de febrer de 2026)<\/span><\/li><li class=\"rank-math-html-sitemap__item\"><a href=\"https:\/\/globusemporda.com\/ca\/\" class=\"rank-math-html-sitemap__link\">Globus Empord\u00e0 - Vol amb globus Girona<\/a> <span class=\"rank-math-html-sitemap__date\">(20 de febrer de 2026)<\/span><\/li><li class=\"rank-math-html-sitemap__item\"><a href=\"https:\/\/globusemporda.com\/ca\/contacte\/\" class=\"rank-math-html-sitemap__link\">Contacte<\/a> <span class=\"rank-math-html-sitemap__date\">(20 de febrer de 2026)<\/span><\/li><li class=\"rank-math-html-sitemap__item\"><a href=\"https:\/\/globusemporda.com\/ca\/nosaltres\/\" class=\"rank-math-html-sitemap__link\">Nosaltres<\/a> <span class=\"rank-math-html-sitemap__date\">(20 de febrer de 2026)<\/span><\/li><\/ul><\/div><div class=\"rank-math-html-sitemap__section rank-math-html-sitemap__section--post-type rank-math-html-sitemap__section--actividad\"><h2 class=\"rank-math-html-sitemap__title\">Actividades<\/h2><ul class=\"rank-math-html-sitemap__list\"><li class=\"rank-math-html-sitemap__item\"><a href=\"https:\/\/globusemporda.com\/ca\/viatge-amb-globus-en-familia-a-girona\/\" class=\"rank-math-html-sitemap__link\">Viatge amb Globus en Fam\u00edlia a Girona<\/a> <span class=\"rank-math-html-sitemap__date\">(24 de febrer de 2026)<\/span><\/li><li class=\"rank-math-html-sitemap__item\"><a href=\"https:\/\/globusemporda.com\/ca\/passeig-amb-globus-per-a-dos-a-girona\/\" class=\"rank-math-html-sitemap__link\">Passeig amb Globus per a dos a Girona<\/a> <span class=\"rank-math-html-sitemap__date\">(23 de febrer de 2026)<\/span><ul class=\"rank-math-html-sitemap__list\"><li class=\"rank-math-html-sitemap__item\"><a href=\"https:\/\/globusemporda.com\/ca\/passeig-amb-globus-per-a-dos-a-girona\/escapada-romantica-a-girona\/\" class=\"rank-math-html-sitemap__link\">Escapada rom\u00e0ntica a Girona<\/a> <span class=\"rank-math-html-sitemap__date\">(25 de febrer de 2026)<\/span><\/li><\/ul><\/li><li class=\"rank-math-html-sitemap__item\"><a href=\"https:\/\/globusemporda.com\/ca\/vol-en-globus-privat\/\" class=\"rank-math-html-sitemap__link\">Vol en Globus Privat<\/a> <span class=\"rank-math-html-sitemap__date\">(20 de febrer de 2026)<\/span><\/li><li class=\"rank-math-html-sitemap__item\"><a href=\"https:\/\/globusemporda.com\/ca\/vol-en-globus-compartit\/\" class=\"rank-math-html-sitemap__link\">Vol en Globus Compartit<\/a> <span class=\"rank-math-html-sitemap__date\">(20 de febrer de 2026)<\/span><\/li><\/ul><\/div><div class=\"rank-math-html-sitemap__section rank-math-html-sitemap__section--post-type rank-math-html-sitemap__section--equipo\"><h2 class=\"rank-math-html-sitemap__title\">Equipo<\/h2><ul class=\"rank-math-html-sitemap__list\"><li class=\"rank-math-html-sitemap__item\"><a href=\"https:\/\/globusemporda.com\/ca\/equip\/lluc-de-toni\/\" class=\"rank-math-html-sitemap__link\">Lluc de Toni<\/a> <span class=\"rank-math-html-sitemap__date\">(27 de febrer de 2026)<\/span><\/li><li class=\"rank-math-html-sitemap__item\"><a href=\"https:\/\/globusemporda.com\/ca\/equip\/jaume-vinas\/\" class=\"rank-math-html-sitemap__link\">Jaume Vi\u00f1as<\/a> <span class=\"rank-math-html-sitemap__date\">(27 de febrer de 2026)<\/span><\/li><li class=\"rank-math-html-sitemap__item\"><a href=\"https:\/\/globusemporda.com\/ca\/equip\/joan-vinas\/\" class=\"rank-math-html-sitemap__link\">Joan Vi\u00f1as<\/a> <span class=\"rank-math-html-sitemap__date\">(27 de febrer de 2026)<\/span><\/li><\/ul><\/div><div class=\"rank-math-html-sitemap__section rank-math-html-sitemap__section--post-type rank-math-html-sitemap__section--expediciones\"><h2 class=\"rank-math-html-sitemap__title\">Expedicions<\/h2><ul class=\"rank-math-html-sitemap__list\"><li class=\"rank-math-html-sitemap__item\"><a href=\"https:\/\/globusemporda.com\/ca\/expedicions\/expedicio-per-lamazones-a-globus-aerostatic\/\" class=\"rank-math-html-sitemap__link\">Expedici\u00f3 per l&#039;Amazones a Globus Aerost\u00e0tic<\/a> <span class=\"rank-math-html-sitemap__date\">(27 de febrer de 2026)<\/span><\/li><li class=\"rank-math-html-sitemap__item\"><a href=\"https:\/\/globusemporda.com\/ca\/expedicions\/expedicio-pel-sahara-a-globus-aerostatic\/\" class=\"rank-math-html-sitemap__link\">Expedici\u00f3 pel S\u00e0hara a Globus Aerost\u00e0tic<\/a> <span class=\"rank-math-html-sitemap__date\">(27 de febrer de 2026)<\/span><\/li><li class=\"rank-math-html-sitemap__item\"><a href=\"https:\/\/globusemporda.com\/ca\/expedicions\/expedicio-pel-mar-baltic-a-globus-aerostatic\/\" class=\"rank-math-html-sitemap__link\">Expedici\u00f3 pel Mar B\u00e0ltic a Globus Aerost\u00e0tic<\/a> <span class=\"rank-math-html-sitemap__date\">(27 de febrer de 2026)<\/span><\/li><li class=\"rank-math-html-sitemap__item\"><a href=\"https:\/\/globusemporda.com\/ca\/expedicions\/expedicio-kilimanjaro-a-globus-aerostatic\/\" class=\"rank-math-html-sitemap__link\">Expedici\u00f3 Kilimanjaro a Globus Aerost\u00e0tic<\/a> <span class=\"rank-math-html-sitemap__date\">(27 de febrer de 2026)<\/span><\/li><li class=\"rank-math-html-sitemap__item\"><a href=\"https:\/\/globusemporda.com\/ca\/expedicions\/expedicio-madagascar-a-globus-aerostatic\/\" class=\"rank-math-html-sitemap__link\">Expedici\u00f3 Madagascar a Globus Aerost\u00e0tic<\/a> <span class=\"rank-math-html-sitemap__date\">(27 de febrer de 2026)<\/span><\/li><\/ul><\/div><div class=\"rank-math-html-sitemap__section rank-math-html-sitemap__section--post-type rank-math-html-sitemap__section--poi\"><h2 class=\"rank-math-html-sitemap__title\">Puntos de inter\u00e9s<\/h2><ul class=\"rank-math-html-sitemap__list\"><li class=\"rank-math-html-sitemap__item\"><a href=\"https:\/\/globusemporda.com\/ca\/ullastret\/ruines-del-poblat-iberic-dullastret\/\" class=\"rank-math-html-sitemap__link\">Ru\u00efnes del poblat ib\u00e8ric d&#039;Ullastret<\/a> <span class=\"rank-math-html-sitemap__date\">(27 de febrer de 2026)<\/span><\/li><li class=\"rank-math-html-sitemap__item\"><a href=\"https:\/\/globusemporda.com\/ca\/castello-dempuries\/parc-natural-dels-aiguamolls-de-lemporda\/\" class=\"rank-math-html-sitemap__link\">Parc natural dels Aiguamolls de l&#039;Empord\u00e0<\/a> <span class=\"rank-math-html-sitemap__date\">(26 de febrer de 2026)<\/span><\/li><\/ul><\/div><div class=\"rank-math-html-sitemap__section rank-math-html-sitemap__section--taxonomy rank-math-html-sitemap__section--category\"><h2 class=\"rank-math-html-sitemap__title\">Categories<\/h2><ul class=\"rank-math-html-sitemap__list\"><li class=\"rank-math-html-sitemap__item\"><a href=\"https:\/\/globusemporda.com\/ca\/coneixement-del-globus\/\" class=\"rank-math-html-sitemap__link\">Coneixement del Globus<\/a><\/li><li class=\"rank-math-html-sitemap__item\"><a href=\"https:\/\/globusemporda.com\/ca\/category\/inspiracio\/\" class=\"rank-math-html-sitemap__link\">Inspiraci\u00f3<\/a><\/li><li class=\"rank-math-html-sitemap__item\"><a href=\"https:\/\/globusemporda.com\/ca\/sector-i-festivals\/\" class=\"rank-math-html-sitemap__link\">Sector i Festivals<\/a><\/li><li class=\"rank-math-html-sitemap__item\"><a href=\"https:\/\/globusemporda.com\/ca\/sostenibilitat\/\" class=\"rank-math-html-sitemap__link\">Sostenibilitat<\/a><\/li><\/ul><\/div><div class=\"rank-math-html-sitemap__section rank-math-html-sitemap__section--taxonomy rank-math-html-sitemap__section--destino\"><h2 class=\"rank-math-html-sitemap__title\">Destinos<\/h2><ul class=\"rank-math-html-sitemap__list\"><li class=\"rank-math-html-sitemap__item\"><a href=\"https:\/\/globusemporda.com\/ca\/castello-dempuries\/\" class=\"rank-math-html-sitemap__link\">Castell\u00f3 d&#039;Emp\u00faries<\/a><\/li><li class=\"rank-math-html-sitemap__item\"><a href=\"https:\/\/globusemporda.com\/ca\/destinacio\/colomers\/\" class=\"rank-math-html-sitemap__link\">Colomers<\/a><\/li><li class=\"rank-math-html-sitemap__item\"><a href=\"https:\/\/globusemporda.com\/ca\/girona\/\" class=\"rank-math-html-sitemap__link\">Girona<\/a><\/li><li class=\"rank-math-html-sitemap__item\"><a href=\"https:\/\/globusemporda.com\/ca\/destinacio\/peratallada-2\/\" class=\"rank-math-html-sitemap__link\">Peratallada<\/a><\/li><li class=\"rank-math-html-sitemap__item\"><a href=\"https:\/\/globusemporda.com\/ca\/ullastret\/\" class=\"rank-math-html-sitemap__link\">Ullastret<\/a><\/li><\/ul><\/div><\/div>\n","protected":false},"excerpt":{"rendered":"","protected":false},"author":1,"featured_media":0,"parent":0,"menu_order":0,"comment_status":"closed","ping_status":"closed","template":"","meta":{"_acf_changed":false,"_joinchat":[],"footnotes":""},"class_list":["post-2764","page","type-page","status-publish","hentry"],"acf":[],"_links":{"self":[{"href":"https:\/\/globusemporda.com\/ca\/wp-json\/wp\/v2\/pages\/2764","targetHints":{"allow":["GET"]}}],"collection":[{"href":"https:\/\/globusemporda.com\/ca\/wp-json\/wp\/v2\/pages"}],"about":[{"href":"https:\/\/globusemporda.com\/ca\/wp-json\/wp\/v2\/types\/page"}],"author":[{"embeddable":true,"href":"https:\/\/globusemporda.com\/ca\/wp-json\/wp\/v2\/users\/1"}],"replies":[{"embeddable":true,"href":"https:\/\/globusemporda.com\/ca\/wp-json\/wp\/v2\/comments?post=2764"}],"version-history":[{"count":1,"href":"https:\/\/globusemporda.com\/ca\/wp-json\/wp\/v2\/pages\/2764\/revisions"}],"predecessor-version":[{"id":2765,"href":"https:\/\/globusemporda.com\/ca\/wp-json\/wp\/v2\/pages\/2764\/revisions\/2765"}],"wp:attachment":[{"href":"https:\/\/globusemporda.com\/ca\/wp-json\/wp\/v2\/media?parent=2764"}],"curies":[{"name":"wp","href":"https:\/\/api.w.org\/{rel}","templated":true}]}}