{"id":2756,"date":"2026-03-06T18:42:30","date_gmt":"2026-03-06T17:42:30","guid":{"rendered":"https:\/\/globusemporda.com\/avis-legal\/"},"modified":"2026-03-30T10:01:11","modified_gmt":"2026-03-30T08:01:11","slug":"avis-legal","status":"publish","type":"page","link":"https:\/\/globusemporda.com\/ca\/avis-legal\/","title":{"rendered":"Av\u00eds legal"},"content":{"rendered":"\n<!-- Legal document generated by Complianz | GDPR\/CCPA Cookie Consent https:\/\/wordpress.org\/plugins\/complianz-gdpr -->\n<div id=\"cmplz-document\" class=\"cmplz-document impressum cmplz-document-all\"><p><i>Aquesta impressi\u00f3 es va actualitzar per \u00faltima vegada el 16 de mar\u00e7 de 2026.<\/i><\/p><p class=\"cmplz-subtitle\">El propietari d&#039;aquest lloc web \u00e9s:<\/p><p>JUAN VI\u00d1AS CASSE <br>C\/JOAN PLA CAPELL 4, 17100 La Bisbal d'Empord\u00e0, Gerona, Espa\u00f1a<br>Espanya<br>Correu electr\u00f2nic:&nbsp;<span class=\"cmplz-obfuscate\">i&#110;&#102;o@<span class=\"cmplz-fmail-domain\">e&#120;.&#099;&#111;&#109;<\/span>&#103;l&#111;&#098;&#117;&#115;&#101;&#109;&#112;&#111;rda.&#099;o&#109;<\/span><br>Tel\u00e8fon: 620846742<br>n\u00famero d'IVA:&nbsp;40525337G<\/p><p class=\"cmplz-subtitle\">El(s) representant(s) legal(s) de JUAN VI\u00d1AS CASSE :<\/p><p>Joan Vi\u00f1as<\/p><h2>1. General<\/h2><p>No estem disposats ni obligats a participar en procediments de resoluci\u00f3 de disputes davant una junta d'arbitratge de consum.<\/p><\/div>\n","protected":false},"excerpt":{"rendered":"","protected":false},"author":1,"featured_media":0,"parent":0,"menu_order":0,"comment_status":"closed","ping_status":"closed","template":"","meta":{"_acf_changed":false,"_joinchat":[],"footnotes":""},"class_list":["post-2756","page","type-page","status-publish","hentry"],"acf":[],"_links":{"self":[{"href":"https:\/\/globusemporda.com\/ca\/wp-json\/wp\/v2\/pages\/2756","targetHints":{"allow":["GET"]}}],"collection":[{"href":"https:\/\/globusemporda.com\/ca\/wp-json\/wp\/v2\/pages"}],"about":[{"href":"https:\/\/globusemporda.com\/ca\/wp-json\/wp\/v2\/types\/page"}],"author":[{"embeddable":true,"href":"https:\/\/globusemporda.com\/ca\/wp-json\/wp\/v2\/users\/1"}],"replies":[{"embeddable":true,"href":"https:\/\/globusemporda.com\/ca\/wp-json\/wp\/v2\/comments?post=2756"}],"version-history":[{"count":3,"href":"https:\/\/globusemporda.com\/ca\/wp-json\/wp\/v2\/pages\/2756\/revisions"}],"predecessor-version":[{"id":3068,"href":"https:\/\/globusemporda.com\/ca\/wp-json\/wp\/v2\/pages\/2756\/revisions\/3068"}],"wp:attachment":[{"href":"https:\/\/globusemporda.com\/ca\/wp-json\/wp\/v2\/media?parent=2756"}],"curies":[{"name":"wp","href":"https:\/\/api.w.org\/{rel}","templated":true}]}}